{"id":126,"date":"2017-03-23T09:11:36","date_gmt":"2017-03-23T16:11:36","guid":{"rendered":"https:\/\/genome.ucsd.edu\/?page_id=126"},"modified":"2022-10-24T09:00:32","modified_gmt":"2022-10-24T16:00:32","slug":"2014-2","status":"publish","type":"page","link":"https:\/\/genome.ucsd.edu\/index.php\/publications-2\/2014-2\/","title":{"rendered":"2014"},"content":{"rendered":"<p class=\"title\"><span style=\"color: #000000; font-size: large;\"><b>A Newtonian framework for community detection in undirected biological networks.<\/b><\/span><span style=\"color: #008080; font-size: large;\"><br \/>\nIEEE Transaction on Biomedical Circuits Systems. 2014 Feb; 8 (1): 65-73 <b><a href=\"http:\/\/www.ncbi.nlm.nih.gov\/pubmed\/24681920\" target=\"_blank\" rel=\"noopener\"><span style=\"color: #ff5733; font-size: small;\"> PubMed<\/span><\/a><\/b><\/span><\/p>\n<p class=\"desc\" style=\"font-size: large;\">Narayanan T, Subramaniam S.<\/p>\n<p class=\"title\"><span style=\"color: #000000; font-size: large;\"><b>Drug discovery and the maze of biological complexity: an editorial essay.<\/b><\/span><span style=\"color: #008080; font-size: large;\"><br \/>\nWiley Interdisciplinary Review Systems Biology &amp; Medicine. 2014 May-Jun;6 (3): 225-266 <b><a href=\"http:\/\/www.ncbi.nlm.nih.gov\/pubmed\/24648390\" target=\"_blank\" rel=\"noopener\"><span style=\"color: #ff5733; font-size: small;\"> PubMed<\/span><\/a><\/b><\/span><\/p>\n<p class=\"desc\" style=\"font-size: large;\">Subramaniam S.<\/p>\n<p class=\"title\"><span style=\"color: #000000; font-size: large;\"><b>Guest Editorial- special issue on \u2018-omics\u2019 based companion diagnostics for personalized medicine.<\/b><\/span><span style=\"color: #008080; font-size: large;\"><br \/>\nIEEE Transaction on Biomedical Circuits Systems. 2014 Feb; 8 (1): 1-3 <b><a href=\"http:\/\/www.ncbi.nlm.nih.gov\/pubmed\/24809069\" target=\"_blank\" rel=\"noopener\"><span style=\"color: #ff5733; font-size: small;\"> PubMed<\/span><\/a><\/b><\/span><\/p>\n<p class=\"desc\" style=\"font-size: large;\">Chen J, Subramaniam S, Wishart D, Wong S.<\/p>\n<p class=\"title\"><span style=\"color: #000000; font-size: large;\"><b>Information theoretic approach to complex biological network reconstruction: application to cytokine release in RAW 264.7 macrophages.<\/b><\/span><span style=\"color: #008080; font-size: large;\"><br \/>\nBMC Systems Biology. 2014 Jun 25; 8: 77 <b><a href=\"http:\/\/www.ncbi.nlm.nih.gov\/pubmed\/24964861\" target=\"_blank\" rel=\"noopener\"><span style=\"color: #ff5733; font-size: small;\"> PubMed<\/span><\/a><\/b><\/span><\/p>\n<p class=\"desc\" style=\"font-size: large;\">Farhangmehr F, Maurya MR, Tartakovsky DM, Subramaniam S.<\/p>\n<p class=\"title\"><span style=\"color: #000000; font-size: large;\"><b>Influence of serological factors and BMI on the blood pressure\/hematocrit association in healthy young men and women. <\/b><\/span><span style=\"color: #008080; font-size: large;\"><br \/>\nVascular Health Risk Management. 2014 May 6; 10: 271-277 <b><a href=\"http:\/\/www.ncbi.nlm.nih.gov\/pubmed\/?term=PMC4018417\" target=\"_blank\" rel=\"noopener\"><span style=\"color: #ff5733; font-size: small;\"> PubMed<\/span><\/a><\/b><\/span><\/p>\n<p class=\"desc\" style=\"font-size: large;\">Salazar V\u00e1zquez BY, Salazar V\u00e1zquez MA, Ch\u00e1vez-Negrete A, Escobedo G, Cabrales P, Subramaniam, Intaglietta M, P\u00e9rez-Tamayo R.<\/p>\n<p class=\"title\"><span style=\"color: #000000; font-size: large;\"><b>MicroRNA-23b regulates cyclin-dependent kinase-activating kinase complex through cyclin H repression to modulate endothelial transcription and growth under flow. <\/b><\/span><span style=\"color: #008080; font-size: large;\"><br \/>\nArteriosclerosis, Thrombosis, and Vascular Biology. 2014 Jul; 34 (7) <b><a href=\"https:\/\/pubmed.ncbi.nlm.nih.gov\/24855060\" target=\"_blank\" rel=\"noopener\"><span style=\"color: #ff5733; font-size: small;\"> PubMed<\/span><\/a><\/b><\/span><\/p>\n<p class=\"desc\" style=\"font-size: large;\">Wang KC, Nguyen P, Weiss A, Yeh YT, Chien HS, Lee A, Teng D, Subramaniam S, Li YS, Chien S.<\/p>\n<p class=\"title\"><span style=\"color: #000000; font-size: large;\"><b>Modeling of eicosanoid fluxes reveals functional coupling between cyclooxygenases and terminal synthases. <\/b><\/span><span style=\"color: #008080; font-size: large;\"><br \/>\nBiophysical Journal. 2014 Feb 18; 106 (4): 966-75<b><a href=\"https:\/\/www.ncbi.nlm.nih.gov\/pubmed\/?term=Modeling+of+eicosanoid+fluxes+reveals+functional\" target=\"_blank\" rel=\"noopener\"><span style=\"color: #ff5733; font-size: small;\"> PubMed<\/span><\/a><\/b><\/span><\/p>\n<p class=\"desc\" style=\"font-size: large;\">Kihara Y, Gupta S, Maurya MR, Armando A, Shah I, Quehenberger O, Glass CK, Dennis EA, Subramaniam S.<\/p>\n<p class=\"title\"><span style=\"color: #000000; font-size: large;\"><b>Replacing the Transfusion of 1\u20132 Units of Blood with Plasma Expanders that Increase Oxygen Delivery Capacity: Evidence from Experimental Studies. <\/b><\/span><span style=\"color: #008080; font-size: large;\"><br \/>\nJournal of Functional Biomaterials. 2014 Dec; 5 (4) 232-245. <b><a href=\"https:\/\/www.ncbi.nlm.nih.gov\/pubmed\/?term=PMC4285404\" target=\"_blank\" rel=\"noopener\"><span style=\"color: #ff5733; font-size: small;\"> PubMed<\/span><\/a><\/b><\/span><\/p>\n<p class=\"desc\" style=\"font-size: large;\">Tsai AG, Salazar V\u00e1zquez BY, Cabrales P, Kistler EB, Tartakovsky DM, Subramaniam S, Acharya SA, Intaglietta M.<\/p>\n<p class=\"title\"><span style=\"color: #000000; font-size: large;\"><b>Statistical insights into major human muscular diseases. <\/b><\/span><span style=\"color: #008080; font-size: large;\"><br \/>\nHuman Molecular Genetics. 2014 Jul 15; 23 (14): 3772-3778 <b><a href=\"https:\/\/pubmed.ncbi.nlm.nih.gov\/24569163\" target=\"_blank\" rel=\"noopener\"><span style=\"color: #ff5733; font-size: small;\"> PubMed<\/span><\/a><\/b><\/span><\/p>\n<p class=\"desc\" style=\"font-size: large;\">Gupta S, Kim SM, Wang Y, Dinasarapu AR, Subramaniam S.<\/p>\n<p class=\"title\"><span style=\"color: #000000; font-size: large;\"><b>Systems analysis of transcriptional data provides insights into muscle&#8217;s biological response to botulinum toxin.<\/b><\/span><span style=\"color: #008080; font-size: large;\"><br \/>\nMuscle Nerve. 2014 Nov; 50 (5): 744-758 <b><a href=\"https:\/\/www.ncbi.nlm.nih.gov\/pubmed\/24536034\" target=\"_blank\" rel=\"noopener\"><span style=\"color: #ff5733; font-size: small;\"> PubMed<\/span><\/a><\/b><\/span><\/p>\n<p class=\"desc\" style=\"font-size: large;\">Mukund K. Mathewson M, Minamoto V, Ward SR, Subramaniam S, Lieber RL.<\/p>\n<p class=\"title\"><span style=\"color: #000000; font-size: large;\"><b>Technical Variations in Low-input RNA-seq methodologies. <\/b><\/span><span style=\"color: #008080; font-size: large;\"><br \/>\nScience Reports. 2014 Jan 14; 4: 3678 <b><a href=\"https:\/\/www.ncbi.nlm.nih.gov\/pubmed\/24419370\" target=\"_blank\" rel=\"noopener\"><span style=\"color: #ff5733; font-size: small;\"> PubMed<\/span><\/a><\/b><\/span><\/p>\n<p class=\"desc\" style=\"font-size: large;\">Bhargava V, Head SR, Ordoukhanian P, Mercola M, Subramaniam S.<\/p>\n<p class=\"title\"><span style=\"color: #000000; font-size: large;\"><b>Time-varying causal inference from phosphoproteomic measurements in macrophage cells.<\/b><\/span><span style=\"color: #008080; font-size: large;\"><br \/>\nIEEE Transaction on Biomedical Circuits Systems. 2014 Feb; 8 (1):74-86 <b><a href=\"http:\/\/www.ncbi.nlm.nih.gov\/pubmed\/24681921\" target=\"_blank\" rel=\"noopener\"><span style=\"color: #ff5733; font-size: small;\"> PubMed<\/span><\/a><\/b><\/span><\/p>\n<p class=\"desc\" style=\"font-size: large;\">Masnadi-Shirazi M, Maurya MR, Subramaniam S.<\/p>\n<p class=\"title\"><span style=\"color: #000000; font-size: large;\"><b>Wnt pathway activation increases hypoxia tolerance during development. <\/b><\/span><span style=\"color: #008080; font-size: large;\"><br \/>\nPLos One. 2014 Aug 5; 9 (8) e103292 <b><a href=\"http:\/\/www.ncbi.nlm.nih.gov\/pubmed\/25093834\" target=\"_blank\" rel=\"noopener\"><span style=\"color: #ff5733; font-size: small;\"> PubMed<\/span><\/a><\/b><\/span><\/p>\n<p class=\"desc\" style=\"font-size: large;\">Gersten M, Zhou D, Azad P, Haddad GG, Subramaniam S.<\/p>\n","protected":false},"excerpt":{"rendered":"<p>A Newtonian framework for community detection in undirected biological networks. IEEE Transaction on Biomedical Circuits Systems. 2014 Feb; 8 (1): 65-73 PubMed [&hellip;]<\/p>\n","protected":false},"author":10,"featured_media":0,"parent":186,"menu_order":6,"comment_status":"closed","ping_status":"closed","template":"page-templates\/page_fullwidth.php","meta":{"footnotes":""},"class_list":["post-126","page","type-page","status-publish","hentry"],"_links":{"self":[{"href":"https:\/\/genome.ucsd.edu\/index.php\/wp-json\/wp\/v2\/pages\/126","targetHints":{"allow":["GET"]}}],"collection":[{"href":"https:\/\/genome.ucsd.edu\/index.php\/wp-json\/wp\/v2\/pages"}],"about":[{"href":"https:\/\/genome.ucsd.edu\/index.php\/wp-json\/wp\/v2\/types\/page"}],"author":[{"embeddable":true,"href":"https:\/\/genome.ucsd.edu\/index.php\/wp-json\/wp\/v2\/users\/10"}],"replies":[{"embeddable":true,"href":"https:\/\/genome.ucsd.edu\/index.php\/wp-json\/wp\/v2\/comments?post=126"}],"version-history":[{"count":28,"href":"https:\/\/genome.ucsd.edu\/index.php\/wp-json\/wp\/v2\/pages\/126\/revisions"}],"predecessor-version":[{"id":1343,"href":"https:\/\/genome.ucsd.edu\/index.php\/wp-json\/wp\/v2\/pages\/126\/revisions\/1343"}],"up":[{"embeddable":true,"href":"https:\/\/genome.ucsd.edu\/index.php\/wp-json\/wp\/v2\/pages\/186"}],"wp:attachment":[{"href":"https:\/\/genome.ucsd.edu\/index.php\/wp-json\/wp\/v2\/media?parent=126"}],"curies":[{"name":"wp","href":"https:\/\/api.w.org\/{rel}","templated":true}]}}